{"id":8924,"date":"2023-07-07T19:59:15","date_gmt":"2023-07-07T19:59:15","guid":{"rendered":"https:\/\/dentalclinicwestisland.wecodeitout.com\/?page_id=8924"},"modified":"2023-07-07T20:07:47","modified_gmt":"2023-07-07T20:07:47","slug":"dental-implants","status":"publish","type":"page","link":"https:\/\/cliniquedentairewestisland.com\/fr\/dental-implants\/","title":{"rendered":"Implants dentaires"},"content":{"rendered":"<div data-elementor-type=\"wp-page\" data-elementor-id=\"8924\" class=\"elementor elementor-8924\">\n\t\t\t\t\t\t<section class=\"elementor-section elementor-top-section elementor-element elementor-element-2f255f1 elementor-section-full_width elementor-section-height-min-height elementor-section-content-middle elementor-section-height-default elementor-section-items-middle\" data-id=\"2f255f1\" data-element_type=\"section\" data-settings=\"{&quot;background_background&quot;:&quot;classic&quot;}\" data-e-bg-lazyload=\"\">\n\t\t\t\t\t\t\t<div class=\"elementor-background-overlay\"><\/div>\n\t\t\t\t\t\t\t<div class=\"elementor-container elementor-column-gap-no\">\n\t\t\t\t\t<div class=\"elementor-column elementor-col-100 elementor-top-column elementor-element elementor-element-af04049\" data-id=\"af04049\" data-element_type=\"column\">\n\t\t\t<div class=\"elementor-widget-wrap elementor-element-populated\">\n\t\t\t\t\t\t<section class=\"elementor-section elementor-inner-section elementor-element elementor-element-1011cb1 elementor-section-boxed elementor-section-height-default elementor-section-height-default\" data-id=\"1011cb1\" data-element_type=\"section\">\n\t\t\t\t\t\t<div class=\"elementor-container elementor-column-gap-default\">\n\t\t\t\t\t<div class=\"elementor-column elementor-col-100 elementor-inner-column elementor-element elementor-element-34bb2fc\" data-id=\"34bb2fc\" data-element_type=\"column\">\n\t\t\t<div class=\"elementor-widget-wrap elementor-element-populated\">\n\t\t\t\t\t\t<div class=\"elementor-element elementor-element-9c5ccda elementor-widget elementor-widget-heading\" data-id=\"9c5ccda\" data-element_type=\"widget\" data-widget_type=\"heading.default\">\n\t\t\t\t<div class=\"elementor-widget-container\">\n\t\t\t<style>\/*! elementor - v3.19.0 - 28-02-2024 *\/\n.elementor-heading-title{padding:0;margin:0;line-height:1}.elementor-widget-heading .elementor-heading-title[class*=elementor-size-]>a{color:inherit;font-size:inherit;line-height:inherit}.elementor-widget-heading .elementor-heading-title.elementor-size-small{font-size:15px}.elementor-widget-heading .elementor-heading-title.elementor-size-medium{font-size:19px}.elementor-widget-heading .elementor-heading-title.elementor-size-large{font-size:29px}.elementor-widget-heading .elementor-heading-title.elementor-size-xl{font-size:39px}.elementor-widget-heading .elementor-heading-title.elementor-size-xxl{font-size:59px}<\/style><h2 class=\"elementor-heading-title elementor-size-default\">Formulaires de patients<\/h2>\t\t<\/div>\n\t\t\t\t<\/div>\n\t\t\t\t<div class=\"elementor-element elementor-element-ccc7345 elementor-widget elementor-widget-heading\" data-id=\"ccc7345\" data-element_type=\"widget\" data-widget_type=\"heading.default\">\n\t\t\t\t<div class=\"elementor-widget-container\">\n\t\t\t<h2 class=\"elementor-heading-title elementor-size-default\">Si vous \u00eates un nouveau patient, t\u00e9l\u00e9chargez le formulaire puis t\u00e9l\u00e9chargez-le sur notre site Internet avant votre rendez-vous<\/h2>\t\t<\/div>\n\t\t\t\t<\/div>\n\t\t\t\t<div class=\"elementor-element elementor-element-014185d elementor-align-center elementor-widget__width-auto elementor-widget elementor-widget-button\" data-id=\"014185d\" data-element_type=\"widget\" data-widget_type=\"button.default\">\n\t\t\t\t<div class=\"elementor-widget-container\">\n\t\t\t\t\t<div class=\"elementor-button-wrapper\">\n\t\t\t<a class=\"elementor-button elementor-button-link elementor-size-sm\" href=\"https:\/\/cliniquedentairewestisland.com\/wp-content\/uploads\/2023\/07\/doc06072023074859.pdf\">\n\t\t\t\t\t\t<span class=\"elementor-button-content-wrapper\">\n\t\t\t\t\t\t<span class=\"elementor-button-text\">T\u00e9l\u00e9chargez le formulaire<\/span>\n\t\t<\/span>\n\t\t\t\t\t<\/a>\n\t\t<\/div>\n\t\t\t\t<\/div>\n\t\t\t\t<\/div>\n\t\t\t\t<div class=\"elementor-element elementor-element-0bc514f elementor-align-center elementor-widget__width-auto elementor-widget elementor-widget-button\" data-id=\"0bc514f\" data-element_type=\"widget\" data-widget_type=\"button.default\">\n\t\t\t\t<div class=\"elementor-widget-container\">\n\t\t\t\t\t<div class=\"elementor-button-wrapper\">\n\t\t\t<a class=\"elementor-button elementor-button-link elementor-size-sm\" href=\"#form\">\n\t\t\t\t\t\t<span class=\"elementor-button-content-wrapper\">\n\t\t\t\t\t\t<span class=\"elementor-button-text\">Envoyez le formulaire<\/span>\n\t\t<\/span>\n\t\t\t\t\t<\/a>\n\t\t<\/div>\n\t\t\t\t<\/div>\n\t\t\t\t<\/div>\n\t\t\t\t\t<\/div>\n\t\t<\/div>\n\t\t\t\t\t<\/div>\n\t\t<\/section>\n\t\t\t\t\t<\/div>\n\t\t<\/div>\n\t\t\t\t\t<\/div>\n\t\t<\/section>\n\t\t\t\t<\/div>","protected":false},"excerpt":{"rendered":"<p>Patient Forms If you&#8217;re a new patient, download the form then upload it to our website before your appointment Download the Form Upload the Form<\/p>","protected":false},"author":2,"featured_media":0,"parent":0,"menu_order":0,"comment_status":"closed","ping_status":"closed","template":"elementor_header_footer","meta":{"_acf_changed":false,"footnotes":""},"class_list":["post-8924","page","type-page","status-publish","hentry"],"acf":[],"yoast_head":"<!-- This site is optimized with the Yoast SEO plugin v24.2 - https:\/\/yoast.com\/wordpress\/plugins\/seo\/ -->\n<title>Dental Implants - West Island Dental clinic<\/title>\n<meta name=\"description\" content=\"Discover the transformative power of dental implants, restoring your smile\u2019s beauty, functionality, and confidence at our trusted dental clinic.\" \/>\n<meta name=\"robots\" content=\"index, follow, max-snippet:-1, max-image-preview:large, max-video-preview:-1\" \/>\n<link rel=\"canonical\" href=\"https:\/\/cliniquedentairewestisland.com\/fr\/dental-implants\/\" \/>\n<meta property=\"og:locale\" content=\"fr_CA\" \/>\n<meta property=\"og:type\" content=\"article\" \/>\n<meta property=\"og:title\" content=\"Dental Implants - West Island Dental clinic\" \/>\n<meta property=\"og:description\" content=\"Discover the transformative power of dental implants, restoring your smile\u2019s beauty, functionality, and confidence at our trusted dental clinic.\" \/>\n<meta property=\"og:url\" content=\"https:\/\/cliniquedentairewestisland.com\/fr\/dental-implants\/\" \/>\n<meta property=\"og:site_name\" content=\"West Island Dental Clinic\" \/>\n<meta property=\"article:publisher\" content=\"https:\/\/www.facebook.com\/people\/West-Island-Dental-Clinic\/100063759242496\/\" \/>\n<meta property=\"article:modified_time\" content=\"2023-07-07T20:07:47+00:00\" \/>\n<meta property=\"og:image\" content=\"https:\/\/cliniquedentairewestisland.com\/wp-content\/uploads\/2023\/06\/West-Island-Clinique-dentaire-logo.png\" \/>\n\t<meta property=\"og:image:width\" content=\"324\" \/>\n\t<meta property=\"og:image:height\" content=\"102\" \/>\n\t<meta property=\"og:image:type\" content=\"image\/png\" \/>\n<meta name=\"twitter:card\" content=\"summary_large_image\" \/>\n<script type=\"application\/ld+json\" class=\"yoast-schema-graph\">{\"@context\":\"https:\/\/schema.org\",\"@graph\":[{\"@type\":\"WebPage\",\"@id\":\"https:\/\/cliniquedentairewestisland.com\/dental-implants\/\",\"url\":\"https:\/\/cliniquedentairewestisland.com\/dental-implants\/\",\"name\":\"Dental Implants - West Island Dental clinic\",\"isPartOf\":{\"@id\":\"https:\/\/cliniquedentairewestisland.com\/#website\"},\"datePublished\":\"2023-07-07T19:59:15+00:00\",\"dateModified\":\"2023-07-07T20:07:47+00:00\",\"description\":\"Discover the transformative power of dental implants, restoring your smile\u2019s beauty, functionality, and confidence at our trusted dental clinic.\",\"breadcrumb\":{\"@id\":\"https:\/\/cliniquedentairewestisland.com\/dental-implants\/#breadcrumb\"},\"inLanguage\":\"fr-CA\",\"potentialAction\":[{\"@type\":\"ReadAction\",\"target\":[\"https:\/\/cliniquedentairewestisland.com\/dental-implants\/\"]}]},{\"@type\":\"BreadcrumbList\",\"@id\":\"https:\/\/cliniquedentairewestisland.com\/dental-implants\/#breadcrumb\",\"itemListElement\":[{\"@type\":\"ListItem\",\"position\":1,\"name\":\"Home\",\"item\":\"https:\/\/cliniquedentairewestisland.com\/\"},{\"@type\":\"ListItem\",\"position\":2,\"name\":\"Dental Implants\"}]},{\"@type\":\"WebSite\",\"@id\":\"https:\/\/cliniquedentairewestisland.com\/#website\",\"url\":\"https:\/\/cliniquedentairewestisland.com\/\",\"name\":\"West Island Dental Clinic\",\"description\":\"\",\"publisher\":{\"@id\":\"https:\/\/cliniquedentairewestisland.com\/#organization\"},\"potentialAction\":[{\"@type\":\"SearchAction\",\"target\":{\"@type\":\"EntryPoint\",\"urlTemplate\":\"https:\/\/cliniquedentairewestisland.com\/?s={search_term_string}\"},\"query-input\":{\"@type\":\"PropertyValueSpecification\",\"valueRequired\":true,\"valueName\":\"search_term_string\"}}],\"inLanguage\":\"fr-CA\"},{\"@type\":\"Organization\",\"@id\":\"https:\/\/cliniquedentairewestisland.com\/#organization\",\"name\":\"West Island Dental Clinic\",\"alternateName\":\"West Island Dental Clinic\",\"url\":\"https:\/\/cliniquedentairewestisland.com\/\",\"logo\":{\"@type\":\"ImageObject\",\"inLanguage\":\"fr-CA\",\"@id\":\"https:\/\/cliniquedentairewestisland.com\/#\/schema\/logo\/image\/\",\"url\":\"https:\/\/cliniquedentairewestisland.com\/wp-content\/uploads\/2023\/06\/West-Island-Clinique-dentaire-logo.png\",\"contentUrl\":\"https:\/\/cliniquedentairewestisland.com\/wp-content\/uploads\/2023\/06\/West-Island-Clinique-dentaire-logo.png\",\"width\":324,\"height\":102,\"caption\":\"West Island Dental Clinic\"},\"image\":{\"@id\":\"https:\/\/cliniquedentairewestisland.com\/#\/schema\/logo\/image\/\"},\"sameAs\":[\"https:\/\/www.facebook.com\/people\/West-Island-Dental-Clinic\/100063759242496\/\",\"https:\/\/www.instagram.com\/cliniquedentairewestisland\/\"]}]}<\/script>\n<!-- \/ Yoast SEO plugin. -->","yoast_head_json":{"title":"Dental Implants - West Island Dental clinic","description":"Discover the transformative power of dental implants, restoring your smile\u2019s beauty, functionality, and confidence at our trusted dental clinic.","robots":{"index":"index","follow":"follow","max-snippet":"max-snippet:-1","max-image-preview":"max-image-preview:large","max-video-preview":"max-video-preview:-1"},"canonical":"https:\/\/cliniquedentairewestisland.com\/fr\/dental-implants\/","og_locale":"fr_CA","og_type":"article","og_title":"Dental Implants - West Island Dental clinic","og_description":"Discover the transformative power of dental implants, restoring your smile\u2019s beauty, functionality, and confidence at our trusted dental clinic.","og_url":"https:\/\/cliniquedentairewestisland.com\/fr\/dental-implants\/","og_site_name":"West Island Dental Clinic","article_publisher":"https:\/\/www.facebook.com\/people\/West-Island-Dental-Clinic\/100063759242496\/","article_modified_time":"2023-07-07T20:07:47+00:00","og_image":[{"width":324,"height":102,"url":"https:\/\/cliniquedentairewestisland.com\/wp-content\/uploads\/2023\/06\/West-Island-Clinique-dentaire-logo.png","type":"image\/png"}],"twitter_card":"summary_large_image","schema":{"@context":"https:\/\/schema.org","@graph":[{"@type":"WebPage","@id":"https:\/\/cliniquedentairewestisland.com\/dental-implants\/","url":"https:\/\/cliniquedentairewestisland.com\/dental-implants\/","name":"Dental Implants - West Island Dental clinic","isPartOf":{"@id":"https:\/\/cliniquedentairewestisland.com\/#website"},"datePublished":"2023-07-07T19:59:15+00:00","dateModified":"2023-07-07T20:07:47+00:00","description":"Discover the transformative power of dental implants, restoring your smile\u2019s beauty, functionality, and confidence at our trusted dental clinic.","breadcrumb":{"@id":"https:\/\/cliniquedentairewestisland.com\/dental-implants\/#breadcrumb"},"inLanguage":"fr-CA","potentialAction":[{"@type":"ReadAction","target":["https:\/\/cliniquedentairewestisland.com\/dental-implants\/"]}]},{"@type":"BreadcrumbList","@id":"https:\/\/cliniquedentairewestisland.com\/dental-implants\/#breadcrumb","itemListElement":[{"@type":"ListItem","position":1,"name":"Home","item":"https:\/\/cliniquedentairewestisland.com\/"},{"@type":"ListItem","position":2,"name":"Dental Implants"}]},{"@type":"WebSite","@id":"https:\/\/cliniquedentairewestisland.com\/#website","url":"https:\/\/cliniquedentairewestisland.com\/","name":"West Island Dental Clinic","description":"","publisher":{"@id":"https:\/\/cliniquedentairewestisland.com\/#organization"},"potentialAction":[{"@type":"SearchAction","target":{"@type":"EntryPoint","urlTemplate":"https:\/\/cliniquedentairewestisland.com\/?s={search_term_string}"},"query-input":{"@type":"PropertyValueSpecification","valueRequired":true,"valueName":"search_term_string"}}],"inLanguage":"fr-CA"},{"@type":"Organization","@id":"https:\/\/cliniquedentairewestisland.com\/#organization","name":"West Island Dental Clinic","alternateName":"West Island Dental Clinic","url":"https:\/\/cliniquedentairewestisland.com\/","logo":{"@type":"ImageObject","inLanguage":"fr-CA","@id":"https:\/\/cliniquedentairewestisland.com\/#\/schema\/logo\/image\/","url":"https:\/\/cliniquedentairewestisland.com\/wp-content\/uploads\/2023\/06\/West-Island-Clinique-dentaire-logo.png","contentUrl":"https:\/\/cliniquedentairewestisland.com\/wp-content\/uploads\/2023\/06\/West-Island-Clinique-dentaire-logo.png","width":324,"height":102,"caption":"West Island Dental Clinic"},"image":{"@id":"https:\/\/cliniquedentairewestisland.com\/#\/schema\/logo\/image\/"},"sameAs":["https:\/\/www.facebook.com\/people\/West-Island-Dental-Clinic\/100063759242496\/","https:\/\/www.instagram.com\/cliniquedentairewestisland\/"]}]}},"_links":{"self":[{"href":"https:\/\/cliniquedentairewestisland.com\/fr\/wp-json\/wp\/v2\/pages\/8924","targetHints":{"allow":["GET"]}}],"collection":[{"href":"https:\/\/cliniquedentairewestisland.com\/fr\/wp-json\/wp\/v2\/pages"}],"about":[{"href":"https:\/\/cliniquedentairewestisland.com\/fr\/wp-json\/wp\/v2\/types\/page"}],"author":[{"embeddable":true,"href":"https:\/\/cliniquedentairewestisland.com\/fr\/wp-json\/wp\/v2\/users\/2"}],"replies":[{"embeddable":true,"href":"https:\/\/cliniquedentairewestisland.com\/fr\/wp-json\/wp\/v2\/comments?post=8924"}],"version-history":[{"count":7,"href":"https:\/\/cliniquedentairewestisland.com\/fr\/wp-json\/wp\/v2\/pages\/8924\/revisions"}],"predecessor-version":[{"id":9007,"href":"https:\/\/cliniquedentairewestisland.com\/fr\/wp-json\/wp\/v2\/pages\/8924\/revisions\/9007"}],"wp:attachment":[{"href":"https:\/\/cliniquedentairewestisland.com\/fr\/wp-json\/wp\/v2\/media?parent=8924"}],"curies":[{"name":"wp","href":"https:\/\/api.w.org\/{rel}","templated":true}]}}