{"id":3581,"date":"2022-01-12T05:18:53","date_gmt":"2022-01-12T05:18:53","guid":{"rendered":"https:\/\/demos.webinane.com\/haircutter\/?page_id=3581"},"modified":"2023-12-20T16:57:34","modified_gmt":"2023-12-20T16:57:34","slug":"contact","status":"publish","type":"page","link":"https:\/\/cliniquedentairewestisland.com\/fr\/contact\/","title":{"rendered":"Contactez-nous"},"content":{"rendered":"<div data-elementor-type=\"wp-page\" data-elementor-id=\"3581\" class=\"elementor elementor-3581\">\n\t\t\t\t\t\t<section class=\"elementor-section elementor-top-section elementor-element elementor-element-85d46bf elementor-section-boxed elementor-section-height-default elementor-section-height-default\" data-id=\"85d46bf\" data-element_type=\"section\">\n\t\t\t\t\t\t<div class=\"elementor-container elementor-column-gap-default\">\n\t\t\t\t\t<div class=\"elementor-column elementor-col-100 elementor-top-column elementor-element elementor-element-5087a14\" data-id=\"5087a14\" data-element_type=\"column\">\n\t\t\t<div class=\"elementor-widget-wrap elementor-element-populated\">\n\t\t\t\t\t\t<section class=\"elementor-section elementor-inner-section elementor-element elementor-element-01da040 elementor-section-boxed elementor-section-height-default elementor-section-height-default\" data-id=\"01da040\" data-element_type=\"section\">\n\t\t\t\t\t\t<div class=\"elementor-container elementor-column-gap-default\">\n\t\t\t\t\t<div class=\"elementor-column elementor-col-33 elementor-inner-column elementor-element elementor-element-38b4e5f\" data-id=\"38b4e5f\" data-element_type=\"column\" data-settings=\"{&quot;background_background&quot;:&quot;classic&quot;}\">\n\t\t\t<div class=\"elementor-widget-wrap elementor-element-populated\">\n\t\t\t\t\t\t<div class=\"elementor-element elementor-element-35b0146 elementor-view-default elementor-widget elementor-widget-icon\" data-id=\"35b0146\" data-element_type=\"widget\" data-widget_type=\"icon.default\">\n\t\t\t\t<div class=\"elementor-widget-container\">\n\t\t\t\t\t<div class=\"elementor-icon-wrapper\">\n\t\t\t<div class=\"elementor-icon\">\n\t\t\t<svg aria-hidden=\"true\" class=\"e-font-icon-svg e-fas-map-marker-alt\" viewbox=\"0 0 384 512\" xmlns=\"http:\/\/www.w3.org\/2000\/svg\"><path d=\"M172.268 501.67C26.97 291.031 0 269.413 0 192 0 85.961 85.961 0 192 0s192 85.961 192 192c0 77.413-26.97 99.031-172.268 309.67-9.535 13.774-29.93 13.773-39.464 0zM192 272c44.183 0 80-35.817 80-80s-35.817-80-80-80-80 35.817-80 80 35.817 80 80 80z\"><\/path><\/svg>\t\t\t<\/div>\n\t\t<\/div>\n\t\t\t\t<\/div>\n\t\t\t\t<\/div>\n\t\t\t\t<div class=\"elementor-element elementor-element-e52e89d elementor-widget elementor-widget-heading\" data-id=\"e52e89d\" data-element_type=\"widget\" data-widget_type=\"heading.default\">\n\t\t\t\t<div class=\"elementor-widget-container\">\n\t\t\t<style>\/*! elementor - v3.19.0 - 28-02-2024 *\/\n.elementor-heading-title{padding:0;margin:0;line-height:1}.elementor-widget-heading .elementor-heading-title[class*=elementor-size-]>a{color:inherit;font-size:inherit;line-height:inherit}.elementor-widget-heading .elementor-heading-title.elementor-size-small{font-size:15px}.elementor-widget-heading .elementor-heading-title.elementor-size-medium{font-size:19px}.elementor-widget-heading .elementor-heading-title.elementor-size-large{font-size:29px}.elementor-widget-heading .elementor-heading-title.elementor-size-xl{font-size:39px}.elementor-widget-heading .elementor-heading-title.elementor-size-xxl{font-size:59px}<\/style><h4 class=\"elementor-heading-title elementor-size-default\"><a href=\"https:\/\/goo.gl\/maps\/7yELjg5bAnqDsDXP8\">102-6361 Autoroute Transcanadienne<\/a><\/h4>\t\t<\/div>\n\t\t\t\t<\/div>\n\t\t\t\t\t<\/div>\n\t\t<\/div>\n\t\t\t\t<div class=\"elementor-column elementor-col-33 elementor-inner-column elementor-element elementor-element-0b6c1f6\" data-id=\"0b6c1f6\" data-element_type=\"column\" data-settings=\"{&quot;background_background&quot;:&quot;classic&quot;}\">\n\t\t\t<div class=\"elementor-widget-wrap elementor-element-populated\">\n\t\t\t\t\t\t<div class=\"elementor-element elementor-element-0e3eb22 elementor-view-default elementor-widget elementor-widget-icon\" data-id=\"0e3eb22\" data-element_type=\"widget\" data-widget_type=\"icon.default\">\n\t\t\t\t<div class=\"elementor-widget-container\">\n\t\t\t\t\t<div class=\"elementor-icon-wrapper\">\n\t\t\t<div class=\"elementor-icon\">\n\t\t\t<svg xmlns=\"http:\/\/www.w3.org\/2000\/svg\" viewbox=\"0 0 100 100\" width=\"100\" height=\"100\"><title>icons8-postal-100_1_-svg<\/title><style>\t\t.s0 { fill: #000000 } \t<\/style><g id=\"Layer\"><path id=\"Layer\" fill-rule=\"evenodd\" class=\"s0\" d=\"m64 8h12v8h-4c-3.3 0-4 0.3-4 2 0 1.8 0.7 2 6.8 2 11 0.1 17.8 4.4 20.3 12.9 0.6 2.1 0.9 10.8 0.7 21.1l-0.3 17.5h-45.5c-39.8 0-45.5-0.2-45.5-1.5 0-1.3 3.5-1.5 24.8-1.8l24.9-0.2-0.4-18.3c-0.3-19.7-0.9-22.1-6.5-27.3l-2.6-2.4h19.3zm2 12c-1.8 0-2 0.7-2 7 0 3.9-0.6 7.9-1.2 9-1.7 2.6 0 5.5 3.2 5.5 3.2 0 4.9-2.9 3.2-5.5-0.6-1.1-1.2-5.1-1.2-9 0-6.3-0.2-7-2-7z\"><\/path><path id=\"Layer\" class=\"s0\" d=\"m26.5 21.9c-8.8 4-10.5 8.6-10.5 27.6v14.5h7 6.9l0.3-11.6 0.3-11.5 9.5 6.6c8.9 6.1 9.5 6.4 9.8 4.3 0.3-1.4-0.3-2.8-1.6-3.6-1.2-0.7-5.6-3.8-9.9-6.8l-7.7-5.4h9.7c9.7 0 9.8 0 9.1-2.3-2-6.4-4.9-9.7-10.7-12.2-4.7-1.9-7.3-1.9-12.2 0.4z\"><\/path><path id=\"Layer\" class=\"s0\" d=\"m56 84v8h6 6v-8-8h-6-6z\"><\/path><\/g><\/svg>\t\t\t<\/div>\n\t\t<\/div>\n\t\t\t\t<\/div>\n\t\t\t\t<\/div>\n\t\t\t\t<div class=\"elementor-element elementor-element-6f2665a elementor-widget elementor-widget-heading\" data-id=\"6f2665a\" data-element_type=\"widget\" data-widget_type=\"heading.default\">\n\t\t\t\t<div class=\"elementor-widget-container\">\n\t\t\t<h4 class=\"elementor-heading-title elementor-size-default\"><a href=\"https:\/\/goo.gl\/maps\/7yELjg5bAnqDsDXP8\">Code postal : H9H 5A5 <\/a><\/h4>\t\t<\/div>\n\t\t\t\t<\/div>\n\t\t\t\t\t<\/div>\n\t\t<\/div>\n\t\t\t\t<div class=\"elementor-column elementor-col-33 elementor-inner-column elementor-element elementor-element-5139bc5\" data-id=\"5139bc5\" data-element_type=\"column\" data-settings=\"{&quot;background_background&quot;:&quot;classic&quot;}\">\n\t\t\t<div class=\"elementor-widget-wrap elementor-element-populated\">\n\t\t\t\t\t\t<div class=\"elementor-element elementor-element-1c4ef16 elementor-view-default elementor-widget elementor-widget-icon\" data-id=\"1c4ef16\" data-element_type=\"widget\" data-widget_type=\"icon.default\">\n\t\t\t\t<div class=\"elementor-widget-container\">\n\t\t\t\t\t<div class=\"elementor-icon-wrapper\">\n\t\t\t<div class=\"elementor-icon\">\n\t\t\t<svg aria-hidden=\"true\" class=\"e-font-icon-svg e-fas-mobile\" viewbox=\"0 0 320 512\" xmlns=\"http:\/\/www.w3.org\/2000\/svg\"><path d=\"M272 0H48C21.5 0 0 21.5 0 48v416c0 26.5 21.5 48 48 48h224c26.5 0 48-21.5 48-48V48c0-26.5-21.5-48-48-48zM160 480c-17.7 0-32-14.3-32-32s14.3-32 32-32 32 14.3 32 32-14.3 32-32 32z\"><\/path><\/svg>\t\t\t<\/div>\n\t\t<\/div>\n\t\t\t\t<\/div>\n\t\t\t\t<\/div>\n\t\t\t\t<div class=\"elementor-element elementor-element-feaecd6 elementor-widget elementor-widget-heading\" data-id=\"feaecd6\" data-element_type=\"widget\" data-widget_type=\"heading.default\">\n\t\t\t\t<div class=\"elementor-widget-container\">\n\t\t\t<h4 class=\"elementor-heading-title elementor-size-default\"><a href=\"tel:(514) 624-8000 \">(514) 624-8000 <\/a><\/h4>\t\t<\/div>\n\t\t\t\t<\/div>\n\t\t\t\t\t<\/div>\n\t\t<\/div>\n\t\t\t\t\t<\/div>\n\t\t<\/section>\n\t\t\t\t\t<\/div>\n\t\t<\/div>\n\t\t\t\t\t<\/div>\n\t\t<\/section>\n\t\t\t\t<section class=\"elementor-section elementor-top-section elementor-element elementor-element-a463000 elementor-section-boxed elementor-section-height-default elementor-section-height-default\" data-id=\"a463000\" data-element_type=\"section\">\n\t\t\t\t\t\t<div class=\"elementor-container elementor-column-gap-default\">\n\t\t\t\t\t<div class=\"elementor-column elementor-col-50 elementor-top-column elementor-element elementor-element-1f00f4b\" data-id=\"1f00f4b\" data-element_type=\"column\">\n\t\t\t<div class=\"elementor-widget-wrap elementor-element-populated\">\n\t\t\t\t\t\t<div class=\"elementor-element elementor-element-731affc elementor-widget elementor-widget-heading\" data-id=\"731affc\" data-element_type=\"widget\" data-widget_type=\"heading.default\">\n\t\t\t\t<div class=\"elementor-widget-container\">\n\t\t\t<h2 class=\"elementor-heading-title elementor-size-default\">Solutions dentaires personnalis\u00e9es<span class=\"text-color\" style=\"font-size:45px; font-family:playfair display !important;\" > \u00e0 port\u00e9e de clic<\/span> - Contactez-nous d\u00e8s aujourd'hui! \n<\/h2>\t\t<\/div>\n\t\t\t\t<\/div>\n\t\t\t\t<div class=\"elementor-element elementor-element-3e18218 elementor-widget elementor-widget-WE_Contact_Form_7\" data-id=\"3e18218\" data-element_type=\"widget\" data-widget_type=\"WE_Contact_Form_7.default\">\n\t\t\t\t<div class=\"elementor-widget-container\">\n\t\t\t<div class=\"tci-uet-widget\">\n<div class=\"wpcf7 no-js\" id=\"wpcf7-f3646-o1\" lang=\"en-US\" dir=\"ltr\" data-wpcf7-id=\"3646\">\n<div class=\"screen-reader-response\"><p role=\"status\" aria-live=\"polite\" aria-atomic=\"true\"><\/p> <ul><\/ul><\/div>\n<form action=\"\/fr\/wp-json\/wp\/v2\/pages\/3581#wpcf7-f3646-o1\" method=\"post\" class=\"wpcf7-form init\" aria-label=\"Contact form\" novalidate=\"novalidate\" data-status=\"init\" data-trp-original-action=\"\/fr\/wp-json\/wp\/v2\/pages\/3581#wpcf7-f3646-o1\">\n<div style=\"display: none;\">\n<input type=\"hidden\" name=\"_wpcf7\" value=\"3646\" \/>\n<input type=\"hidden\" name=\"_wpcf7_version\" value=\"6.0.3\" \/>\n<input type=\"hidden\" name=\"_wpcf7_locale\" value=\"en_US\" \/>\n<input type=\"hidden\" name=\"_wpcf7_unit_tag\" value=\"wpcf7-f3646-o1\" \/>\n<input type=\"hidden\" name=\"_wpcf7_container_post\" value=\"0\" \/>\n<input type=\"hidden\" name=\"_wpcf7_posted_data_hash\" value=\"\" \/>\n<\/div>\n<p><span class=\"wpcf7-form-control-wrap\" data-name=\"your-name\"><input size=\"40\" maxlength=\"400\" class=\"wpcf7-form-control wpcf7-text wpcf7-validates-as-required\" aria-required=\"true\" aria-invalid=\"false\" placeholder=\"Pr\u00e9nom\" value=\"\" type=\"text\" name=\"your-name\" \/><\/span><span class=\"wpcf7-form-control-wrap\" data-name=\"last-name\"><input size=\"40\" maxlength=\"400\" class=\"wpcf7-form-control wpcf7-text wpcf7-validates-as-required\" aria-required=\"true\" aria-invalid=\"false\" placeholder=\"Nom\" value=\"\" type=\"text\" name=\"last-name\" \/><\/span><br \/>\n<span class=\"wpcf7-form-control-wrap\" data-name=\"number-118\"><input class=\"wpcf7-form-control wpcf7-number wpcf7-validates-as-number\" aria-invalid=\"false\" placeholder=\"Num\u00e9ro de t\u00e9l\u00e9phone\" value=\"\" type=\"number\" name=\"number-118\" \/><\/span><br \/>\n<span class=\"wpcf7-form-control-wrap\" data-name=\"your-email\"><input size=\"40\" maxlength=\"400\" class=\"wpcf7-form-control wpcf7-email wpcf7-validates-as-required wpcf7-text wpcf7-validates-as-email\" aria-required=\"true\" aria-invalid=\"false\" placeholder=\"Courriel\" value=\"\" type=\"email\" name=\"your-email\" \/><\/span><br \/>\n<span class=\"wpcf7-form-control-wrap\" data-name=\"your-message\"><textarea cols=\"40\" rows=\"10\" maxlength=\"2000\" class=\"wpcf7-form-control wpcf7-textarea\" aria-invalid=\"false\" placeholder=\"Message\" name=\"your-message\"><\/textarea><\/span>\n<\/p>\n<p><input class=\"wpcf7-form-control wpcf7-submit has-spinner\" type=\"submit\" value=\"Soumettre\" \/>\n<\/p><div class=\"wpcf7-response-output\" aria-hidden=\"true\"><\/div>\n<input type=\"hidden\" name=\"trp-form-language\" value=\"fr\"\/><\/form>\n<\/div>\n<\/div>\t\t<\/div>\n\t\t\t\t<\/div>\n\t\t\t\t\t<\/div>\n\t\t<\/div>\n\t\t\t\t<div class=\"elementor-column elementor-col-50 elementor-top-column elementor-element elementor-element-d8654c0\" data-id=\"d8654c0\" data-element_type=\"column\">\n\t\t\t<div class=\"elementor-widget-wrap elementor-element-populated\">\n\t\t\t\t\t\t<div class=\"elementor-element elementor-element-65619e8 elementor-widget elementor-widget-google_maps\" data-id=\"65619e8\" data-element_type=\"widget\" data-widget_type=\"google_maps.default\">\n\t\t\t\t<div class=\"elementor-widget-container\">\n\t\t\t<style>\/*! elementor - v3.19.0 - 28-02-2024 *\/\n.elementor-widget-google_maps .elementor-widget-container{overflow:hidden}.elementor-widget-google_maps .elementor-custom-embed{line-height:0}.elementor-widget-google_maps iframe{height:300px}<\/style>\t\t<div class=\"elementor-custom-embed\">\n\t\t\t<iframe loading=\"lazy\"\n\t\t\t\t\tsrc=\"https:\/\/maps.google.com\/maps?q=%206361%20Route%20Transcanadienne%20%23102%2C%20Pointe-Claire%2C%20QC%20H9R%203S3&#038;t=m&#038;z=17&#038;output=embed&#038;iwloc=near\"\n\t\t\t\t\ttitle=\" 6361 Route Transcanadienne #102, Pointe-Claire, QC H9R 3S3\"\n\t\t\t\t\taria-label=\" 6361 Route Transcanadienne #102, Pointe-Claire, QC H9R 3S3\"\n\t\t\t><\/iframe>\n\t\t<\/div>\n\t\t\t\t<\/div>\n\t\t\t\t<\/div>\n\t\t\t\t\t<\/div>\n\t\t<\/div>\n\t\t\t\t\t<\/div>\n\t\t<\/section>\n\t\t\t\t<\/div>","protected":false},"excerpt":{"rendered":"<p>Pour des soins dentaires d'exception <\/p>","protected":false},"author":2,"featured_media":0,"parent":0,"menu_order":0,"comment_status":"open","ping_status":"closed","template":"elementor_header_footer","meta":{"_acf_changed":false,"footnotes":""},"class_list":["post-3581","page","type-page","status-publish","hentry"],"acf":[],"yoast_head":"<!-- This site is optimized with the Yoast SEO plugin v24.2 - https:\/\/yoast.com\/wordpress\/plugins\/seo\/ -->\n<title>Contact Us - West Island Dental clinic<\/title>\n<meta name=\"description\" content=\"Personalized Dental Solutions Just a Click Away - Reach Out Today!\" \/>\n<meta name=\"robots\" content=\"index, follow, max-snippet:-1, max-image-preview:large, max-video-preview:-1\" \/>\n<link rel=\"canonical\" href=\"https:\/\/cliniquedentairewestisland.com\/fr\/contact\/\" \/>\n<meta property=\"og:locale\" content=\"fr_CA\" \/>\n<meta property=\"og:type\" content=\"article\" \/>\n<meta property=\"og:title\" content=\"Contact Us - West Island Dental clinic\" \/>\n<meta property=\"og:description\" content=\"Personalized Dental Solutions Just a Click Away - Reach Out Today!\" \/>\n<meta property=\"og:url\" content=\"https:\/\/cliniquedentairewestisland.com\/fr\/contact\/\" \/>\n<meta property=\"og:site_name\" content=\"West Island Dental Clinic\" \/>\n<meta property=\"article:publisher\" content=\"https:\/\/www.facebook.com\/people\/West-Island-Dental-Clinic\/100063759242496\/\" \/>\n<meta property=\"article:modified_time\" content=\"2023-12-20T16:57:34+00:00\" \/>\n<meta property=\"og:image\" content=\"https:\/\/cliniquedentairewestisland.com\/wp-content\/uploads\/2023\/06\/West-Island-Clinique-dentaire-logo.png\" \/>\n\t<meta property=\"og:image:width\" content=\"324\" \/>\n\t<meta property=\"og:image:height\" content=\"102\" \/>\n\t<meta property=\"og:image:type\" content=\"image\/png\" \/>\n<meta name=\"twitter:card\" content=\"summary_large_image\" \/>\n<meta name=\"twitter:label1\" content=\"Estimation du temps de lecture\" \/>\n\t<meta name=\"twitter:data1\" content=\"1 minute\" \/>\n<script type=\"application\/ld+json\" class=\"yoast-schema-graph\">{\"@context\":\"https:\/\/schema.org\",\"@graph\":[{\"@type\":\"WebPage\",\"@id\":\"https:\/\/cliniquedentairewestisland.com\/contact\/\",\"url\":\"https:\/\/cliniquedentairewestisland.com\/contact\/\",\"name\":\"Contact Us - West Island Dental clinic\",\"isPartOf\":{\"@id\":\"https:\/\/cliniquedentairewestisland.com\/#website\"},\"datePublished\":\"2022-01-12T05:18:53+00:00\",\"dateModified\":\"2023-12-20T16:57:34+00:00\",\"description\":\"Personalized Dental Solutions Just a Click Away - Reach Out Today!\",\"breadcrumb\":{\"@id\":\"https:\/\/cliniquedentairewestisland.com\/contact\/#breadcrumb\"},\"inLanguage\":\"fr-CA\",\"potentialAction\":[{\"@type\":\"ReadAction\",\"target\":[\"https:\/\/cliniquedentairewestisland.com\/contact\/\"]}]},{\"@type\":\"BreadcrumbList\",\"@id\":\"https:\/\/cliniquedentairewestisland.com\/contact\/#breadcrumb\",\"itemListElement\":[{\"@type\":\"ListItem\",\"position\":1,\"name\":\"Home\",\"item\":\"https:\/\/cliniquedentairewestisland.com\/\"},{\"@type\":\"ListItem\",\"position\":2,\"name\":\"Contact Us\"}]},{\"@type\":\"WebSite\",\"@id\":\"https:\/\/cliniquedentairewestisland.com\/#website\",\"url\":\"https:\/\/cliniquedentairewestisland.com\/\",\"name\":\"West Island Dental Clinic\",\"description\":\"\",\"publisher\":{\"@id\":\"https:\/\/cliniquedentairewestisland.com\/#organization\"},\"potentialAction\":[{\"@type\":\"SearchAction\",\"target\":{\"@type\":\"EntryPoint\",\"urlTemplate\":\"https:\/\/cliniquedentairewestisland.com\/?s={search_term_string}\"},\"query-input\":{\"@type\":\"PropertyValueSpecification\",\"valueRequired\":true,\"valueName\":\"search_term_string\"}}],\"inLanguage\":\"fr-CA\"},{\"@type\":\"Organization\",\"@id\":\"https:\/\/cliniquedentairewestisland.com\/#organization\",\"name\":\"West Island Dental Clinic\",\"alternateName\":\"West Island Dental Clinic\",\"url\":\"https:\/\/cliniquedentairewestisland.com\/\",\"logo\":{\"@type\":\"ImageObject\",\"inLanguage\":\"fr-CA\",\"@id\":\"https:\/\/cliniquedentairewestisland.com\/#\/schema\/logo\/image\/\",\"url\":\"https:\/\/cliniquedentairewestisland.com\/wp-content\/uploads\/2023\/06\/West-Island-Clinique-dentaire-logo.png\",\"contentUrl\":\"https:\/\/cliniquedentairewestisland.com\/wp-content\/uploads\/2023\/06\/West-Island-Clinique-dentaire-logo.png\",\"width\":324,\"height\":102,\"caption\":\"West Island Dental Clinic\"},\"image\":{\"@id\":\"https:\/\/cliniquedentairewestisland.com\/#\/schema\/logo\/image\/\"},\"sameAs\":[\"https:\/\/www.facebook.com\/people\/West-Island-Dental-Clinic\/100063759242496\/\",\"https:\/\/www.instagram.com\/cliniquedentairewestisland\/\"]}]}<\/script>\n<!-- \/ Yoast SEO plugin. -->","yoast_head_json":{"title":"Contact Us - West Island Dental clinic","description":"Personalized Dental Solutions Just a Click Away - Reach Out Today!","robots":{"index":"index","follow":"follow","max-snippet":"max-snippet:-1","max-image-preview":"max-image-preview:large","max-video-preview":"max-video-preview:-1"},"canonical":"https:\/\/cliniquedentairewestisland.com\/fr\/contact\/","og_locale":"fr_CA","og_type":"article","og_title":"Contact Us - West Island Dental clinic","og_description":"Personalized Dental Solutions Just a Click Away - Reach Out Today!","og_url":"https:\/\/cliniquedentairewestisland.com\/fr\/contact\/","og_site_name":"West Island Dental Clinic","article_publisher":"https:\/\/www.facebook.com\/people\/West-Island-Dental-Clinic\/100063759242496\/","article_modified_time":"2023-12-20T16:57:34+00:00","og_image":[{"width":324,"height":102,"url":"https:\/\/cliniquedentairewestisland.com\/wp-content\/uploads\/2023\/06\/West-Island-Clinique-dentaire-logo.png","type":"image\/png"}],"twitter_card":"summary_large_image","twitter_misc":{"Estimation du temps de lecture":"1 minute"},"schema":{"@context":"https:\/\/schema.org","@graph":[{"@type":"WebPage","@id":"https:\/\/cliniquedentairewestisland.com\/contact\/","url":"https:\/\/cliniquedentairewestisland.com\/contact\/","name":"Contact Us - West Island Dental clinic","isPartOf":{"@id":"https:\/\/cliniquedentairewestisland.com\/#website"},"datePublished":"2022-01-12T05:18:53+00:00","dateModified":"2023-12-20T16:57:34+00:00","description":"Personalized Dental Solutions Just a Click Away - Reach Out Today!","breadcrumb":{"@id":"https:\/\/cliniquedentairewestisland.com\/contact\/#breadcrumb"},"inLanguage":"fr-CA","potentialAction":[{"@type":"ReadAction","target":["https:\/\/cliniquedentairewestisland.com\/contact\/"]}]},{"@type":"BreadcrumbList","@id":"https:\/\/cliniquedentairewestisland.com\/contact\/#breadcrumb","itemListElement":[{"@type":"ListItem","position":1,"name":"Home","item":"https:\/\/cliniquedentairewestisland.com\/"},{"@type":"ListItem","position":2,"name":"Contact Us"}]},{"@type":"WebSite","@id":"https:\/\/cliniquedentairewestisland.com\/#website","url":"https:\/\/cliniquedentairewestisland.com\/","name":"West Island Dental Clinic","description":"","publisher":{"@id":"https:\/\/cliniquedentairewestisland.com\/#organization"},"potentialAction":[{"@type":"SearchAction","target":{"@type":"EntryPoint","urlTemplate":"https:\/\/cliniquedentairewestisland.com\/?s={search_term_string}"},"query-input":{"@type":"PropertyValueSpecification","valueRequired":true,"valueName":"search_term_string"}}],"inLanguage":"fr-CA"},{"@type":"Organization","@id":"https:\/\/cliniquedentairewestisland.com\/#organization","name":"West Island Dental Clinic","alternateName":"West Island Dental Clinic","url":"https:\/\/cliniquedentairewestisland.com\/","logo":{"@type":"ImageObject","inLanguage":"fr-CA","@id":"https:\/\/cliniquedentairewestisland.com\/#\/schema\/logo\/image\/","url":"https:\/\/cliniquedentairewestisland.com\/wp-content\/uploads\/2023\/06\/West-Island-Clinique-dentaire-logo.png","contentUrl":"https:\/\/cliniquedentairewestisland.com\/wp-content\/uploads\/2023\/06\/West-Island-Clinique-dentaire-logo.png","width":324,"height":102,"caption":"West Island Dental Clinic"},"image":{"@id":"https:\/\/cliniquedentairewestisland.com\/#\/schema\/logo\/image\/"},"sameAs":["https:\/\/www.facebook.com\/people\/West-Island-Dental-Clinic\/100063759242496\/","https:\/\/www.instagram.com\/cliniquedentairewestisland\/"]}]}},"_links":{"self":[{"href":"https:\/\/cliniquedentairewestisland.com\/fr\/wp-json\/wp\/v2\/pages\/3581","targetHints":{"allow":["GET"]}}],"collection":[{"href":"https:\/\/cliniquedentairewestisland.com\/fr\/wp-json\/wp\/v2\/pages"}],"about":[{"href":"https:\/\/cliniquedentairewestisland.com\/fr\/wp-json\/wp\/v2\/types\/page"}],"author":[{"embeddable":true,"href":"https:\/\/cliniquedentairewestisland.com\/fr\/wp-json\/wp\/v2\/users\/2"}],"replies":[{"embeddable":true,"href":"https:\/\/cliniquedentairewestisland.com\/fr\/wp-json\/wp\/v2\/comments?post=3581"}],"version-history":[{"count":54,"href":"https:\/\/cliniquedentairewestisland.com\/fr\/wp-json\/wp\/v2\/pages\/3581\/revisions"}],"predecessor-version":[{"id":10440,"href":"https:\/\/cliniquedentairewestisland.com\/fr\/wp-json\/wp\/v2\/pages\/3581\/revisions\/10440"}],"wp:attachment":[{"href":"https:\/\/cliniquedentairewestisland.com\/fr\/wp-json\/wp\/v2\/media?parent=3581"}],"curies":[{"name":"wp","href":"https:\/\/api.w.org\/{rel}","templated":true}]}}